{"id":7598,"date":"2026-03-25T17:46:29","date_gmt":"2026-03-25T17:46:29","guid":{"rendered":"https:\/\/tubane.ee\/?post_type=product&#038;p=7598"},"modified":"2026-03-25T17:46:29","modified_gmt":"2026-03-25T17:46:29","slug":"aurora","status":"publish","type":"product","link":"https:\/\/tubane.ee\/en\/laud\/aurora\/","title":{"rendered":"AURORA"},"content":{"rendered":"<p>Aurora lauaplaat on valmistatud k\u00f5rgeima kvaliteediga kasevineerist, millele on lisatud naturaalne tammespoon.<\/p>\n<p>Lauajalg on valmistatud naturaalsest tammest, mis on valmistatud spetsiaalselt k\u00e4sit\u00f6\u00f6na.<\/p>\n<p>Puidu ilu tuleb k\u00f5ige paremini esile, kui sellele on antud pooll\u00e4bipaistev viimistlus. Selleks kasutame peitsi ning lakki, et laud teeniks Teid aastaid ja aastak\u00fcmneid ning oleks hooldusvaba.<\/p>\n<p>\u2013 Me ei lepi v\u00e4hemaga, vaid keskendume pari\u00admate v\u00f5imalike tulemuste saavutamisele, see s\u00f6\u00f6gilaud on sobiv valik ka k\u00f5ige n\u00f5udlikumale maitsele.<br \/>\n\u2013 Puitu kasutades tuleb meeles pidada, et iga pisemgi detail r\u00e4\u00e4gib oma lugu ning just see teebki k\u00e4sit\u00f6\u00f6na valminud laua nii eriliseks ja t\u00e4hendusrikkaks.<\/p>\n<p>-Omap\u00e4rane ja silmapaistev disain loovad Teie koju ajatut elegantsi.<\/p>\n<p>*<strong>Laua valmimisaeg on 3-4 n\u00e4dalat<\/strong><\/p>\n","protected":false},"excerpt":{"rendered":"<p>Aurora lauaplaat on valmistatud k\u00f5rgeima kvaliteediga kasevineerist, millele on lisatud naturaalne tammespoon. Lauajalg on valmistatud naturaalsest tammest, mis on valmistatud spetsiaalselt k\u00e4sit\u00f6\u00f6na. Puidu ilu tuleb k\u00f5ige paremini esile, kui sellele on antud pooll\u00e4bipaistev viimistlus. Selleks kasutame peitsi ning lakki, et laud teeniks Teid aastaid ja aastak\u00fcmneid ning oleks hooldusvaba. \u2013 Me ei lepi v\u00e4hemaga, vaid [&hellip;]<\/p>\n","protected":false},"featured_media":7599,"template":"","meta":{"_acf_changed":false},"product_brand":[],"product_cat":[42],"product_tag":[],"class_list":{"0":"post-7598","1":"product","2":"type-product","3":"status-publish","4":"has-post-thumbnail","6":"product_cat-soogilaud-kahe-jalaga","8":"first","9":"instock","10":"taxable","11":"shipping-taxable","12":"product-type-simple"},"acf":[],"_links":{"self":[{"href":"https:\/\/tubane.ee\/en\/wp-json\/wp\/v2\/product\/7598","targetHints":{"allow":["GET"]}}],"collection":[{"href":"https:\/\/tubane.ee\/en\/wp-json\/wp\/v2\/product"}],"about":[{"href":"https:\/\/tubane.ee\/en\/wp-json\/wp\/v2\/types\/product"}],"wp:featuredmedia":[{"embeddable":true,"href":"https:\/\/tubane.ee\/en\/wp-json\/wp\/v2\/media\/7599"}],"wp:attachment":[{"href":"https:\/\/tubane.ee\/en\/wp-json\/wp\/v2\/media?parent=7598"}],"wp:term":[{"taxonomy":"product_brand","embeddable":true,"href":"https:\/\/tubane.ee\/en\/wp-json\/wp\/v2\/product_brand?post=7598"},{"taxonomy":"product_cat","embeddable":true,"href":"https:\/\/tubane.ee\/en\/wp-json\/wp\/v2\/product_cat?post=7598"},{"taxonomy":"product_tag","embeddable":true,"href":"https:\/\/tubane.ee\/en\/wp-json\/wp\/v2\/product_tag?post=7598"}],"curies":[{"name":"wp","href":"https:\/\/api.w.org\/{rel}","templated":true}]}}