{"id":4946,"date":"2025-05-17T15:56:18","date_gmt":"2025-05-17T15:56:18","guid":{"rendered":"https:\/\/tubane.ee\/laud\/atmosphere\/"},"modified":"2026-03-09T05:03:07","modified_gmt":"2026-03-09T05:03:07","slug":"atmosphere","status":"publish","type":"product","link":"https:\/\/tubane.ee\/en\/laud\/atmosphere\/","title":{"rendered":"ATMOSF\u00c4\u00c4R"},"content":{"rendered":"<p>The Atmosf\u00e4\u00e4r tabletop is crafted from the highest quality birch plywood finished with natural oak veneer.<\/p>\n<p>The table leg is also made of plywood with a natural oak veneer, handcrafted to create a seamless piece with a unique texture.<\/p>\n<p>The beauty of wood is best brought out when given a translucent finish. We do this with stain and varnish, so that your table will serve you for years and decades to come and be maintenance-free. <\/p>\n<p>\u2013 We never settle for less, focusing instead on achieving the best possible results; our tables are the perfect choice for even the most discerning tastes.<br \/>\n\u2013 When working with wood, every detail tells its own story, which is what makes a handcrafted table so special and meaningful.<\/p>\n<p>\u2013 Unique and striking design brings timeless elegance to your home.<\/p>\n<p>*<strong>Lead time is 4\u20135 weeks<\/strong><\/p>\n<p>The table pictured is 1,450 x 1,450 x 750 mm (length x width x standard height)<\/p>\n","protected":false},"excerpt":{"rendered":"<p>The Atmosf\u00e4\u00e4r tabletop is crafted from the highest quality birch plywood finished with natural oak veneer. The table leg is also made of plywood with a natural oak veneer, handcrafted to create a seamless piece with a unique texture. The beauty of wood is best brought out when given a translucent finish. We do this [&hellip;]<\/p>\n","protected":false},"featured_media":7103,"template":"","meta":{"_acf_changed":false},"product_brand":[],"product_cat":[176],"product_tag":[],"class_list":{"0":"post-4946","1":"product","2":"type-product","3":"status-publish","4":"has-post-thumbnail","6":"product_cat-dining-table-with-i-leg","8":"first","9":"onbackorder","10":"sold-individually","11":"taxable","12":"shipping-taxable","13":"purchasable","14":"product-type-variable","15":"wvs-archive-product-wrapper"},"acf":[],"_links":{"self":[{"href":"https:\/\/tubane.ee\/en\/wp-json\/wp\/v2\/product\/4946","targetHints":{"allow":["GET"]}}],"collection":[{"href":"https:\/\/tubane.ee\/en\/wp-json\/wp\/v2\/product"}],"about":[{"href":"https:\/\/tubane.ee\/en\/wp-json\/wp\/v2\/types\/product"}],"wp:featuredmedia":[{"embeddable":true,"href":"https:\/\/tubane.ee\/en\/wp-json\/wp\/v2\/media\/7103"}],"wp:attachment":[{"href":"https:\/\/tubane.ee\/en\/wp-json\/wp\/v2\/media?parent=4946"}],"wp:term":[{"taxonomy":"product_brand","embeddable":true,"href":"https:\/\/tubane.ee\/en\/wp-json\/wp\/v2\/product_brand?post=4946"},{"taxonomy":"product_cat","embeddable":true,"href":"https:\/\/tubane.ee\/en\/wp-json\/wp\/v2\/product_cat?post=4946"},{"taxonomy":"product_tag","embeddable":true,"href":"https:\/\/tubane.ee\/en\/wp-json\/wp\/v2\/product_tag?post=4946"}],"curies":[{"name":"wp","href":"https:\/\/api.w.org\/{rel}","templated":true}]}}