{"id":4900,"date":"2025-05-17T16:13:59","date_gmt":"2025-05-17T16:13:59","guid":{"rendered":"https:\/\/tubane.ee\/laud\/source\/"},"modified":"2026-03-09T04:59:34","modified_gmt":"2026-03-09T04:59:34","slug":"source","status":"publish","type":"product","link":"https:\/\/tubane.ee\/en\/laud\/source\/","title":{"rendered":"P\u00d5HJAT\u00c4HT"},"content":{"rendered":"<p>The Taevat\u00e4ht tabletop is crafted from premium birch plywood finished with natural oak veneer.<\/p>\n<p>The table base features curved solid wood slats (square slats also available), handcrafted to create a seamless piece with a unique texture.<\/p>\n<p>The beauty of wood is best showcased with a translucent finish. We use stain and lacquer to ensure your table remains maintenance-free and serves you for decades. <\/p>\n<p>\u2013 We never settle for less, focusing instead on achieving the best possible results; our tables satisfy even the most discerning tastes.<br \/>\n\u2013 When working with wood, every detail tells a story, making each handcrafted table truly unique and meaningful.<\/p>\n<p>\u2013 Distinctive and striking design brings timeless elegance to your home.<\/p>\n<p>*<strong>Lead time for the table is 4\u20135 weeks<\/strong><\/p>\n","protected":false},"excerpt":{"rendered":"<p>The Taevat\u00e4ht tabletop is crafted from premium birch plywood finished with natural oak veneer. The table base features curved solid wood slats (square slats also available), handcrafted to create a seamless piece with a unique texture. The beauty of wood is best showcased with a translucent finish. We use stain and lacquer to ensure your [&hellip;]<\/p>\n","protected":false},"featured_media":7247,"template":"","meta":{"_acf_changed":false},"product_brand":[],"product_cat":[156],"product_tag":[],"class_list":{"0":"post-4900","1":"product","2":"type-product","3":"status-publish","4":"has-post-thumbnail","6":"product_cat-sofa-table","8":"first","9":"onbackorder","10":"sold-individually","11":"taxable","12":"shipping-taxable","13":"purchasable","14":"product-type-variable","15":"wvs-archive-product-wrapper"},"acf":[],"_links":{"self":[{"href":"https:\/\/tubane.ee\/en\/wp-json\/wp\/v2\/product\/4900","targetHints":{"allow":["GET"]}}],"collection":[{"href":"https:\/\/tubane.ee\/en\/wp-json\/wp\/v2\/product"}],"about":[{"href":"https:\/\/tubane.ee\/en\/wp-json\/wp\/v2\/types\/product"}],"wp:featuredmedia":[{"embeddable":true,"href":"https:\/\/tubane.ee\/en\/wp-json\/wp\/v2\/media\/7247"}],"wp:attachment":[{"href":"https:\/\/tubane.ee\/en\/wp-json\/wp\/v2\/media?parent=4900"}],"wp:term":[{"taxonomy":"product_brand","embeddable":true,"href":"https:\/\/tubane.ee\/en\/wp-json\/wp\/v2\/product_brand?post=4900"},{"taxonomy":"product_cat","embeddable":true,"href":"https:\/\/tubane.ee\/en\/wp-json\/wp\/v2\/product_cat?post=4900"},{"taxonomy":"product_tag","embeddable":true,"href":"https:\/\/tubane.ee\/en\/wp-json\/wp\/v2\/product_tag?post=4900"}],"curies":[{"name":"wp","href":"https:\/\/api.w.org\/{rel}","templated":true}]}}