{"id":4860,"date":"2025-05-15T20:51:36","date_gmt":"2025-05-15T20:51:36","guid":{"rendered":"https:\/\/tubane.ee\/feedback-from\/"},"modified":"2026-03-09T04:37:18","modified_gmt":"2026-03-09T04:37:18","slug":"feedback-from","status":"publish","type":"page","link":"https:\/\/tubane.ee\/en\/feedback-from\/","title":{"rendered":"Feedback from"},"content":{"rendered":"\t\t<div data-elementor-type=\"wp-page\" data-elementor-id=\"4860\" class=\"elementor elementor-4860 elementor-2136\" data-elementor-post-type=\"page\">\n\t\t\t\t<div class=\"elementor-element elementor-element-e0951c5 e-flex e-con-boxed e-con e-parent\" data-id=\"e0951c5\" data-element_type=\"container\" data-e-type=\"container\">\n\t\t\t\t\t<div class=\"e-con-inner\">\n\t\t\t\t<div class=\"elementor-element elementor-element-b8a9e60 elementor-pagination-type-bullets elementor-arrows-position-inside elementor-pagination-position-outside elementor-widget elementor-widget-n-carousel\" data-id=\"b8a9e60\" data-element_type=\"widget\" data-e-type=\"widget\" data-settings=\"{&quot;carousel_items&quot;:[{&quot;slide_title&quot;:&quot;Slide #1&quot;,&quot;_id&quot;:&quot;ba0d75a&quot;},{&quot;slide_title&quot;:&quot;Slide #1&quot;,&quot;_id&quot;:&quot;03e52df&quot;},{&quot;slide_title&quot;:&quot;Slide #1&quot;,&quot;_id&quot;:&quot;d9cc14a&quot;},{&quot;slide_title&quot;:&quot;Slide #1&quot;,&quot;_id&quot;:&quot;8439935&quot;},{&quot;slide_title&quot;:&quot;Slide #1&quot;,&quot;_id&quot;:&quot;739b855&quot;},{&quot;slide_title&quot;:&quot;Slide #1&quot;,&quot;_id&quot;:&quot;abb6beb&quot;}],&quot;slides_to_show_tablet&quot;:&quot;2&quot;,&quot;slides_to_show_mobile&quot;:&quot;1&quot;,&quot;autoplay&quot;:&quot;yes&quot;,&quot;autoplay_speed&quot;:5000,&quot;pause_on_hover&quot;:&quot;yes&quot;,&quot;pause_on_interaction&quot;:&quot;yes&quot;,&quot;infinite&quot;:&quot;yes&quot;,&quot;speed&quot;:500,&quot;offset_sides&quot;:&quot;none&quot;,&quot;arrows&quot;:&quot;yes&quot;,&quot;pagination&quot;:&quot;bullets&quot;,&quot;image_spacing_custom&quot;:{&quot;unit&quot;:&quot;px&quot;,&quot;size&quot;:10,&quot;sizes&quot;:[]},&quot;image_spacing_custom_tablet&quot;:{&quot;unit&quot;:&quot;px&quot;,&quot;size&quot;:&quot;&quot;,&quot;sizes&quot;:[]},&quot;image_spacing_custom_mobile&quot;:{&quot;unit&quot;:&quot;px&quot;,&quot;size&quot;:&quot;&quot;,&quot;sizes&quot;:[]}}\" data-widget_type=\"nested-carousel.default\">\n\t\t\t\t<div class=\"elementor-widget-container\">\n\t\t\t\t\t\t\t<div class=\"e-n-carousel swiper\" role=\"region\" aria-roledescription=\"carousel\" aria-label=\"Carousel\" dir=\"ltr\">\n\t\t\t<div class=\"swiper-wrapper\" aria-live=\"off\">\n\t\t\t\t\t\t\t\t\t\t<div class=\"swiper-slide\" data-slide=\"1\" role=\"group\" aria-roledescription=\"slide\" aria-label=\"1 of 6\">\n\t\t\t\t\t\t\t<div class=\"elementor-element elementor-element-d5e06f1 e-flex e-con-boxed e-con e-child\" data-id=\"d5e06f1\" data-element_type=\"container\" data-e-type=\"container\" data-settings=\"{&quot;background_background&quot;:&quot;classic&quot;}\">\n\t\t\t\t\t<div class=\"e-con-inner\">\n\t\t\t\t<div class=\"elementor-element elementor-element-9ffa3ad elementor-widget elementor-widget-image\" data-id=\"9ffa3ad\" data-element_type=\"widget\" data-e-type=\"widget\" data-widget_type=\"image.default\">\n\t\t\t\t<div class=\"elementor-widget-container\">\n\t\t\t\t\t\t\t\t\t\t\t\t\t\t\t<img fetchpriority=\"high\" decoding=\"async\" width=\"1206\" height=\"2070\" src=\"https:\/\/tubane.ee\/wp-content\/uploads\/2025\/06\/IMG_9958.jpeg\" class=\"attachment-full size-full wp-image-6188 wvs-archive-product-image\" alt=\"\" srcset=\"https:\/\/tubane.ee\/wp-content\/uploads\/2025\/06\/IMG_9958.jpeg 1206w, https:\/\/tubane.ee\/wp-content\/uploads\/2025\/06\/IMG_9958-175x300.jpeg 175w, https:\/\/tubane.ee\/wp-content\/uploads\/2025\/06\/IMG_9958-597x1024.jpeg 597w, https:\/\/tubane.ee\/wp-content\/uploads\/2025\/06\/IMG_9958-768x1318.jpeg 768w, https:\/\/tubane.ee\/wp-content\/uploads\/2025\/06\/IMG_9958-895x1536.jpeg 895w, https:\/\/tubane.ee\/wp-content\/uploads\/2025\/06\/IMG_9958-1193x2048.jpeg 1193w, https:\/\/tubane.ee\/wp-content\/uploads\/2025\/06\/IMG_9958-600x1030.jpeg 600w\" sizes=\"(max-width: 1206px) 100vw, 1206px\" \/>\t\t\t\t\t\t\t\t\t\t\t\t\t\t\t<\/div>\n\t\t\t\t<\/div>\n\t\t\t\t<div class=\"elementor-element elementor-element-eccd280 elementor-widget elementor-widget-text-editor\" data-id=\"eccd280\" data-element_type=\"widget\" data-e-type=\"widget\" data-widget_type=\"text-editor.default\">\n\t\t\t\t<div class=\"elementor-widget-container\">\n\t\t\t\t\t\t\t\t\t<p>Thank you for providing such beautiful tables; hopefully, the new owner will enjoy them for a long time to come. <\/p>\t\t\t\t\t\t\t\t<\/div>\n\t\t\t\t<\/div>\n\t\t\t\t<div class=\"elementor-element elementor-element-9012494 elementor-widget elementor-widget-heading\" data-id=\"9012494\" data-element_type=\"widget\" data-e-type=\"widget\" data-widget_type=\"heading.default\">\n\t\t\t\t<div class=\"elementor-widget-container\">\n\t\t\t\t\t<h2 class=\"elementor-heading-title elementor-size-default\">KUMA<\/h2>\t\t\t\t<\/div>\n\t\t\t\t<\/div>\n\t\t\t\t\t<\/div>\n\t\t\t\t<\/div>\n\t\t\t\t\t\t\t\t<\/div>\n\t\t\t\t\t\t\t\t\t\t\t<div class=\"swiper-slide\" data-slide=\"2\" role=\"group\" aria-roledescription=\"slide\" aria-label=\"2 of 6\">\n\t\t\t\t\t\t\t<div class=\"elementor-element elementor-element-31c1f23 e-flex e-con-boxed e-con e-child\" data-id=\"31c1f23\" data-element_type=\"container\" data-e-type=\"container\" data-settings=\"{&quot;background_background&quot;:&quot;classic&quot;}\">\n\t\t\t\t\t<div class=\"e-con-inner\">\n\t\t\t\t<div class=\"elementor-element elementor-element-4a782ca elementor-widget elementor-widget-image\" data-id=\"4a782ca\" data-element_type=\"widget\" data-e-type=\"widget\" data-widget_type=\"image.default\">\n\t\t\t\t<div class=\"elementor-widget-container\">\n\t\t\t\t\t\t\t\t\t\t\t\t\t\t\t<img decoding=\"async\" width=\"1925\" height=\"2560\" src=\"https:\/\/tubane.ee\/wp-content\/uploads\/2025\/06\/IMG_20240831_105611-scaled.jpg\" class=\"attachment-full size-full wp-image-6190 wvs-archive-product-image\" alt=\"\" srcset=\"https:\/\/tubane.ee\/wp-content\/uploads\/2025\/06\/IMG_20240831_105611-scaled.jpg 1925w, https:\/\/tubane.ee\/wp-content\/uploads\/2025\/06\/IMG_20240831_105611-scaled-1366x1817.jpg 1366w, https:\/\/tubane.ee\/wp-content\/uploads\/2025\/06\/IMG_20240831_105611-226x300.jpg 226w, https:\/\/tubane.ee\/wp-content\/uploads\/2025\/06\/IMG_20240831_105611-770x1024.jpg 770w, https:\/\/tubane.ee\/wp-content\/uploads\/2025\/06\/IMG_20240831_105611-768x1021.jpg 768w, https:\/\/tubane.ee\/wp-content\/uploads\/2025\/06\/IMG_20240831_105611-1155x1536.jpg 1155w, https:\/\/tubane.ee\/wp-content\/uploads\/2025\/06\/IMG_20240831_105611-1540x2048.jpg 1540w\" sizes=\"(max-width: 1925px) 100vw, 1925px\" \/>\t\t\t\t\t\t\t\t\t\t\t\t\t\t\t<\/div>\n\t\t\t\t<\/div>\n\t\t\t\t<div class=\"elementor-element elementor-element-9676e9d elementor-widget elementor-widget-text-editor\" data-id=\"9676e9d\" data-element_type=\"widget\" data-e-type=\"widget\" data-widget_type=\"text-editor.default\">\n\t\t\t\t<div class=\"elementor-widget-container\">\n\t\t\t\t\t\t\t\t\t<p>Thank you so much, the table is gorgeous and the quality is excellent! <\/p>\t\t\t\t\t\t\t\t<\/div>\n\t\t\t\t<\/div>\n\t\t\t\t<div class=\"elementor-element elementor-element-76be5f5 elementor-widget elementor-widget-heading\" data-id=\"76be5f5\" data-element_type=\"widget\" data-e-type=\"widget\" data-widget_type=\"heading.default\">\n\t\t\t\t<div class=\"elementor-widget-container\">\n\t\t\t\t\t<h2 class=\"elementor-heading-title elementor-size-default\">TAEVAT\u00c4HT<\/h2>\t\t\t\t<\/div>\n\t\t\t\t<\/div>\n\t\t\t\t\t<\/div>\n\t\t\t\t<\/div>\n\t\t\t\t\t\t\t\t<\/div>\n\t\t\t\t\t\t\t\t\t\t\t<div class=\"swiper-slide\" data-slide=\"3\" role=\"group\" aria-roledescription=\"slide\" aria-label=\"3 of 6\">\n\t\t\t\t\t\t\t<div class=\"elementor-element elementor-element-6ba3f7a e-flex e-con-boxed e-con e-child\" data-id=\"6ba3f7a\" data-element_type=\"container\" data-e-type=\"container\" data-settings=\"{&quot;background_background&quot;:&quot;classic&quot;}\">\n\t\t\t\t\t<div class=\"e-con-inner\">\n\t\t\t\t<div class=\"elementor-element elementor-element-63dd88d elementor-widget elementor-widget-image\" data-id=\"63dd88d\" data-element_type=\"widget\" data-e-type=\"widget\" data-widget_type=\"image.default\">\n\t\t\t\t<div class=\"elementor-widget-container\">\n\t\t\t\t\t\t\t\t\t\t\t\t\t\t\t<img decoding=\"async\" width=\"1920\" height=\"2560\" src=\"https:\/\/tubane.ee\/wp-content\/uploads\/2025\/06\/IMG-3963-scaled.jpg\" class=\"attachment-full size-full wp-image-6192 wvs-archive-product-image\" alt=\"\" srcset=\"https:\/\/tubane.ee\/wp-content\/uploads\/2025\/06\/IMG-3963-scaled.jpg 1920w, https:\/\/tubane.ee\/wp-content\/uploads\/2025\/06\/IMG-3963-scaled-1366x1821.jpg 1366w\" sizes=\"(max-width: 1920px) 100vw, 1920px\" \/>\t\t\t\t\t\t\t\t\t\t\t\t\t\t\t<\/div>\n\t\t\t\t<\/div>\n\t\t\t\t<div class=\"elementor-element elementor-element-f4355bf elementor-widget elementor-widget-text-editor\" data-id=\"f4355bf\" data-element_type=\"widget\" data-e-type=\"widget\" data-widget_type=\"text-editor.default\">\n\t\t\t\t<div class=\"elementor-widget-container\">\n\t\t\t\t\t\t\t\t\t<p>Thank you very much, the table is very beautiful and of high quality.<\/p>\t\t\t\t\t\t\t\t<\/div>\n\t\t\t\t<\/div>\n\t\t\t\t<div class=\"elementor-element elementor-element-0bf5c93 elementor-widget elementor-widget-heading\" data-id=\"0bf5c93\" data-element_type=\"widget\" data-e-type=\"widget\" data-widget_type=\"heading.default\">\n\t\t\t\t<div class=\"elementor-widget-container\">\n\t\t\t\t\t<h2 class=\"elementor-heading-title elementor-size-default\">ATMOSF\u00c4\u00c4R<\/h2>\t\t\t\t<\/div>\n\t\t\t\t<\/div>\n\t\t\t\t\t<\/div>\n\t\t\t\t<\/div>\n\t\t\t\t\t\t\t\t<\/div>\n\t\t\t\t\t\t\t\t\t\t\t<div class=\"swiper-slide\" data-slide=\"4\" role=\"group\" aria-roledescription=\"slide\" aria-label=\"4 of 6\">\n\t\t\t\t\t\t\t<div class=\"elementor-element elementor-element-091de75 e-flex e-con-boxed e-con e-child\" data-id=\"091de75\" data-element_type=\"container\" data-e-type=\"container\" data-settings=\"{&quot;background_background&quot;:&quot;classic&quot;}\">\n\t\t\t\t\t<div class=\"e-con-inner\">\n\t\t\t\t<div class=\"elementor-element elementor-element-b655ed3 elementor-widget elementor-widget-image\" data-id=\"b655ed3\" data-element_type=\"widget\" data-e-type=\"widget\" data-widget_type=\"image.default\">\n\t\t\t\t<div class=\"elementor-widget-container\">\n\t\t\t\t\t\t\t\t\t\t\t\t\t\t\t<img loading=\"lazy\" decoding=\"async\" width=\"1920\" height=\"2560\" src=\"https:\/\/tubane.ee\/wp-content\/uploads\/2025\/06\/image-scaled.jpeg\" class=\"attachment-full size-full wp-image-6194 wvs-archive-product-image\" alt=\"\" srcset=\"https:\/\/tubane.ee\/wp-content\/uploads\/2025\/06\/image-scaled.jpeg 1920w, https:\/\/tubane.ee\/wp-content\/uploads\/2025\/06\/image-scaled-1366x1821.jpeg 1366w\" sizes=\"(max-width: 1920px) 100vw, 1920px\" \/>\t\t\t\t\t\t\t\t\t\t\t\t\t\t\t<\/div>\n\t\t\t\t<\/div>\n\t\t\t\t<div class=\"elementor-element elementor-element-484b2be elementor-widget elementor-widget-text-editor\" data-id=\"484b2be\" data-element_type=\"widget\" data-e-type=\"widget\" data-widget_type=\"text-editor.default\">\n\t\t\t\t<div class=\"elementor-widget-container\">\n\t\t\t\t\t\t\t\t\t<p>I wanted to thank you and say that we are very happy with the table. The same light stripes are also on the chairs. And it looks <span class=\"il\">so<\/span> powerful in the room!<\/p>\t\t\t\t\t\t\t\t<\/div>\n\t\t\t\t<\/div>\n\t\t\t\t<div class=\"elementor-element elementor-element-c599707 elementor-widget elementor-widget-heading\" data-id=\"c599707\" data-element_type=\"widget\" data-e-type=\"widget\" data-widget_type=\"heading.default\">\n\t\t\t\t<div class=\"elementor-widget-container\">\n\t\t\t\t\t<h2 class=\"elementor-heading-title elementor-size-default\">EXTENDABLE<\/h2>\t\t\t\t<\/div>\n\t\t\t\t<\/div>\n\t\t\t\t\t<\/div>\n\t\t\t\t<\/div>\n\t\t\t\t\t\t\t\t<\/div>\n\t\t\t\t\t\t\t\t\t\t\t<div class=\"swiper-slide\" data-slide=\"5\" role=\"group\" aria-roledescription=\"slide\" aria-label=\"5 of 6\">\n\t\t\t\t\t\t\t<div class=\"elementor-element elementor-element-a9f8775 e-flex e-con-boxed e-con e-child\" data-id=\"a9f8775\" data-element_type=\"container\" data-e-type=\"container\" data-settings=\"{&quot;background_background&quot;:&quot;classic&quot;}\">\n\t\t\t\t\t<div class=\"e-con-inner\">\n\t\t\t\t<div class=\"elementor-element elementor-element-98a94c8 elementor-widget elementor-widget-image\" data-id=\"98a94c8\" data-element_type=\"widget\" data-e-type=\"widget\" data-widget_type=\"image.default\">\n\t\t\t\t<div class=\"elementor-widget-container\">\n\t\t\t\t\t\t\t\t\t\t\t\t\t\t\t<img loading=\"lazy\" decoding=\"async\" width=\"1703\" height=\"2560\" src=\"https:\/\/tubane.ee\/wp-content\/uploads\/2025\/06\/tubane5-scaled.jpg\" class=\"attachment-full size-full wp-image-6198 wvs-archive-product-image\" alt=\"\" srcset=\"https:\/\/tubane.ee\/wp-content\/uploads\/2025\/06\/tubane5-scaled.jpg 1703w, https:\/\/tubane.ee\/wp-content\/uploads\/2025\/06\/tubane5-scaled-1366x2053.jpg 1366w, https:\/\/tubane.ee\/wp-content\/uploads\/2025\/06\/tubane5-200x300.jpg 200w, https:\/\/tubane.ee\/wp-content\/uploads\/2025\/06\/tubane5-681x1024.jpg 681w, https:\/\/tubane.ee\/wp-content\/uploads\/2025\/06\/tubane5-768x1154.jpg 768w, https:\/\/tubane.ee\/wp-content\/uploads\/2025\/06\/tubane5-1022x1536.jpg 1022w, https:\/\/tubane.ee\/wp-content\/uploads\/2025\/06\/tubane5-1363x2048.jpg 1363w\" sizes=\"(max-width: 1703px) 100vw, 1703px\" \/>\t\t\t\t\t\t\t\t\t\t\t\t\t\t\t<\/div>\n\t\t\t\t<\/div>\n\t\t\t\t<div class=\"elementor-element elementor-element-23e3f82 elementor-widget elementor-widget-text-editor\" data-id=\"23e3f82\" data-element_type=\"widget\" data-e-type=\"widget\" data-widget_type=\"text-editor.default\">\n\t\t\t\t<div class=\"elementor-widget-container\">\n\t\t\t\t\t\t\t\t\t<p>This table is undoubtedly the most striking and beautiful thing in our home. We couldn&#8217;t have imagined anything better and couldn&#8217;t be more satisfied! A huge thank you!<\/p>\t\t\t\t\t\t\t\t<\/div>\n\t\t\t\t<\/div>\n\t\t\t\t<div class=\"elementor-element elementor-element-092c2b6 elementor-widget elementor-widget-heading\" data-id=\"092c2b6\" data-element_type=\"widget\" data-e-type=\"widget\" data-widget_type=\"heading.default\">\n\t\t\t\t<div class=\"elementor-widget-container\">\n\t\t\t\t\t<h2 class=\"elementor-heading-title elementor-size-default\">OVAL PLUTO<\/h2>\t\t\t\t<\/div>\n\t\t\t\t<\/div>\n\t\t\t\t\t<\/div>\n\t\t\t\t<\/div>\n\t\t\t\t\t\t\t\t<\/div>\n\t\t\t\t\t\t\t\t\t\t\t<div class=\"swiper-slide\" data-slide=\"6\" role=\"group\" aria-roledescription=\"slide\" aria-label=\"6 of 6\">\n\t\t\t\t\t\t\t<div class=\"elementor-element elementor-element-e8206b2 e-flex e-con-boxed e-con e-child\" data-id=\"e8206b2\" data-element_type=\"container\" data-e-type=\"container\" data-settings=\"{&quot;background_background&quot;:&quot;classic&quot;}\">\n\t\t\t\t\t<div class=\"e-con-inner\">\n\t\t\t\t<div class=\"elementor-element elementor-element-e1ad71b elementor-widget elementor-widget-image\" data-id=\"e1ad71b\" data-element_type=\"widget\" data-e-type=\"widget\" data-widget_type=\"image.default\">\n\t\t\t\t<div class=\"elementor-widget-container\">\n\t\t\t\t\t\t\t\t\t\t\t\t\t\t\t<img loading=\"lazy\" decoding=\"async\" width=\"2173\" height=\"2560\" src=\"https:\/\/tubane.ee\/wp-content\/uploads\/2025\/06\/Tezza-1403-scaled.jpg\" class=\"attachment-full size-full wp-image-6231 wvs-archive-product-image\" alt=\"\" srcset=\"https:\/\/tubane.ee\/wp-content\/uploads\/2025\/06\/Tezza-1403-scaled.jpg 2173w, https:\/\/tubane.ee\/wp-content\/uploads\/2025\/06\/Tezza-1403-scaled-1366x1609.jpg 1366w, https:\/\/tubane.ee\/wp-content\/uploads\/2025\/06\/Tezza-1403-255x300.jpg 255w, https:\/\/tubane.ee\/wp-content\/uploads\/2025\/06\/Tezza-1403-869x1024.jpg 869w, https:\/\/tubane.ee\/wp-content\/uploads\/2025\/06\/Tezza-1403-768x905.jpg 768w, https:\/\/tubane.ee\/wp-content\/uploads\/2025\/06\/Tezza-1403-1304x1536.jpg 1304w, https:\/\/tubane.ee\/wp-content\/uploads\/2025\/06\/Tezza-1403-1738x2048.jpg 1738w\" sizes=\"(max-width: 2173px) 100vw, 2173px\" \/>\t\t\t\t\t\t\t\t\t\t\t\t\t\t\t<\/div>\n\t\t\t\t<\/div>\n\t\t\t\t<div class=\"elementor-element elementor-element-1e26042 elementor-widget elementor-widget-text-editor\" data-id=\"1e26042\" data-element_type=\"widget\" data-e-type=\"widget\" data-widget_type=\"text-editor.default\">\n\t\t\t\t<div class=\"elementor-widget-container\">\n\t\t\t\t\t\t\t\t\t<div dir=\"auto\">First of all, I must mention the eye-catching design solutions\u2014truly unique and beautiful. It is also so simple and pleasant to communicate your own ideas and wishes, both in terms of dimensions and design concepts. This is wonderful craftsmanship made right here in Estonia, and as a final touch, the subsequent &#8220;refresh&#8221; of our table was very smooth\u2014the table looks like new again after two years of daily use. &#8211; Agne Vaher<\/div><div dir=\"auto\"> <\/div>\t\t\t\t\t\t\t\t<\/div>\n\t\t\t\t<\/div>\n\t\t\t\t<div class=\"elementor-element elementor-element-c134207 elementor-widget elementor-widget-heading\" data-id=\"c134207\" data-element_type=\"widget\" data-e-type=\"widget\" data-widget_type=\"heading.default\">\n\t\t\t\t<div class=\"elementor-widget-container\">\n\t\t\t\t\t<h2 class=\"elementor-heading-title elementor-size-default\">TAEVAT\u00c4HT<\/h2>\t\t\t\t<\/div>\n\t\t\t\t<\/div>\n\t\t\t\t\t<\/div>\n\t\t\t\t<\/div>\n\t\t\t\t\t\t\t\t<\/div>\n\t\t\t\t\t\t\t\t<\/div>\n\t\t<\/div>\n\t\t\t\t\t<div class=\"elementor-swiper-button elementor-swiper-button-prev\" role=\"button\" tabindex=\"0\" aria-label=\"Previous\">\n\t\t\t\t<svg aria-hidden=\"true\" class=\"e-font-icon-svg e-eicon-chevron-left\" viewBox=\"0 0 1000 1000\" xmlns=\"http:\/\/www.w3.org\/2000\/svg\"><path d=\"M646 125C629 125 613 133 604 142L308 442C296 454 292 471 292 487 292 504 296 521 308 533L604 854C617 867 629 875 646 875 663 875 679 871 692 858 704 846 713 829 713 812 713 796 708 779 692 767L438 487 692 225C700 217 708 204 708 187 708 171 704 154 692 142 675 129 663 125 646 125Z\"><\/path><\/svg>\t\t\t<\/div>\n\t\t\t<div class=\"elementor-swiper-button elementor-swiper-button-next\" role=\"button\" tabindex=\"0\" aria-label=\"Next\">\n\t\t\t\t<svg aria-hidden=\"true\" class=\"e-font-icon-svg e-eicon-chevron-right\" viewBox=\"0 0 1000 1000\" xmlns=\"http:\/\/www.w3.org\/2000\/svg\"><path d=\"M696 533C708 521 713 504 713 487 713 471 708 454 696 446L400 146C388 133 375 125 354 125 338 125 325 129 313 142 300 154 292 171 292 187 292 204 296 221 308 233L563 492 304 771C292 783 288 800 288 817 288 833 296 850 308 863 321 871 338 875 354 875 371 875 388 867 400 854L696 533Z\"><\/path><\/svg>\t\t\t<\/div>\n\t\t\t\t\t<div class=\"swiper-pagination\"><\/div>\n\t\t\t\t\t\t<\/div>\n\t\t\t\t<\/div>\n\t\t\t\t\t<\/div>\n\t\t\t\t<\/div>\n\t\t\t\t<\/div>\n\t\t","protected":false},"excerpt":{"rendered":"<p>Thank you for providing such beautiful tables; hopefully, the new owner will enjoy them for a long time to come. KUMA Thank you so much, the table is gorgeous and the quality is excellent! TAEVAT\u00c4HT Thank you very much, the table is very beautiful and of high quality. ATMOSF\u00c4\u00c4R I wanted to thank you and [&hellip;]<\/p>\n","protected":false},"author":2,"featured_media":0,"parent":0,"menu_order":0,"comment_status":"closed","ping_status":"closed","template":"","meta":{"_acf_changed":false,"footnotes":""},"class_list":["post-4860","page","type-page","status-publish","hentry"],"acf":[],"_links":{"self":[{"href":"https:\/\/tubane.ee\/en\/wp-json\/wp\/v2\/pages\/4860","targetHints":{"allow":["GET"]}}],"collection":[{"href":"https:\/\/tubane.ee\/en\/wp-json\/wp\/v2\/pages"}],"about":[{"href":"https:\/\/tubane.ee\/en\/wp-json\/wp\/v2\/types\/page"}],"author":[{"embeddable":true,"href":"https:\/\/tubane.ee\/en\/wp-json\/wp\/v2\/users\/2"}],"replies":[{"embeddable":true,"href":"https:\/\/tubane.ee\/en\/wp-json\/wp\/v2\/comments?post=4860"}],"version-history":[{"count":2,"href":"https:\/\/tubane.ee\/en\/wp-json\/wp\/v2\/pages\/4860\/revisions"}],"predecessor-version":[{"id":7444,"href":"https:\/\/tubane.ee\/en\/wp-json\/wp\/v2\/pages\/4860\/revisions\/7444"}],"wp:attachment":[{"href":"https:\/\/tubane.ee\/en\/wp-json\/wp\/v2\/media?parent=4860"}],"curies":[{"name":"wp","href":"https:\/\/api.w.org\/{rel}","templated":true}]}}